{"id":15,"date":"2026-02-14T16:00:26","date_gmt":"2026-02-14T16:00:26","guid":{"rendered":"https:\/\/werka.art\/?page_id=15"},"modified":"2026-02-14T16:38:53","modified_gmt":"2026-02-14T16:38:53","slug":"o-mnie","status":"publish","type":"page","link":"https:\/\/werka.art\/?page_id=15","title":{"rendered":"O mnie"},"content":{"rendered":"\n<p>Cze\u015b\u0107, jestem Werka i od ma\u0142ego interesowa\u0142a mnie sztuka<\/p>\n\n\n\n<p><\/p>\n","protected":false},"excerpt":{"rendered":"<p>Cze\u015b\u0107, jestem Werka i od ma\u0142ego interesowa\u0142a mnie sztuka<\/p>\n","protected":false},"author":1,"featured_media":0,"parent":0,"menu_order":0,"comment_status":"closed","ping_status":"closed","template":"","meta":{"footnotes":""},"class_list":["post-15","page","type-page","status-publish","hentry"],"_links":{"self":[{"href":"https:\/\/werka.art\/index.php?rest_route=\/wp\/v2\/pages\/15","targetHints":{"allow":["GET"]}}],"collection":[{"href":"https:\/\/werka.art\/index.php?rest_route=\/wp\/v2\/pages"}],"about":[{"href":"https:\/\/werka.art\/index.php?rest_route=\/wp\/v2\/types\/page"}],"author":[{"embeddable":true,"href":"https:\/\/werka.art\/index.php?rest_route=\/wp\/v2\/users\/1"}],"replies":[{"embeddable":true,"href":"https:\/\/werka.art\/index.php?rest_route=%2Fwp%2Fv2%2Fcomments&post=15"}],"version-history":[{"count":3,"href":"https:\/\/werka.art\/index.php?rest_route=\/wp\/v2\/pages\/15\/revisions"}],"predecessor-version":[{"id":51,"href":"https:\/\/werka.art\/index.php?rest_route=\/wp\/v2\/pages\/15\/revisions\/51"}],"wp:attachment":[{"href":"https:\/\/werka.art\/index.php?rest_route=%2Fwp%2Fv2%2Fmedia&parent=15"}],"curies":[{"name":"wp","href":"https:\/\/api.w.org\/{rel}","templated":true}]}}